{"id":7260,"date":"2021-03-04T08:07:12","date_gmt":"2021-03-04T08:07:12","guid":{"rendered":"https:\/\/hialeahchakras.com\/inicio\/"},"modified":"2022-06-15T23:00:45","modified_gmt":"2022-06-15T23:00:45","slug":"home-page-04","status":"publish","type":"page","link":"https:\/\/hialeahchakras.com\/es\/","title":{"rendered":"Home"},"content":{"rendered":"\t\t<div data-elementor-type=\"wp-page\" data-elementor-id=\"7260\" class=\"elementor elementor-7260 elementor-2221\">\n\t\t\t\t\t\t<section class=\"elementor-section elementor-top-section elementor-element elementor-element-4a979623 elementor-section-full_width elementor-section-stretched home-slider-4 elementor-section-height-default elementor-section-height-default\" data-id=\"4a979623\" data-element_type=\"section\" data-settings=\"{&quot;stretch_section&quot;:&quot;section-stretched&quot;}\">\n\t\t\t\t\t\t<div class=\"elementor-container elementor-column-gap-no\">\n\t\t\t\t\t<div class=\"elementor-column elementor-col-100 elementor-top-column elementor-element elementor-element-39527257\" data-id=\"39527257\" data-element_type=\"column\">\n\t\t\t<div class=\"elementor-widget-wrap elementor-element-populated\">\n\t\t\t\t\t\t<div class=\"elementor-element elementor-element-5e075842 home-slider-1 elementor-widget elementor-widget-rt_slideshow\" data-id=\"5e075842\" data-element_type=\"widget\" data-widget_type=\"rt_slideshow.default\">\n\t\t\t\t<div class=\"elementor-widget-container\">\n\t\t\t<div class=\"rt-slideshow-wrapper\"><div class=\"preloader-slideshow\"><\/div><div class=\"rt-slideshow slick-slider-block\" data-slick-responsive=\"{&quot;items_laptop&quot;:1,&quot;items_landscape_tablet&quot;:1,&quot;items_portrait_tablet&quot;:1,&quot;items_landscape_mobile&quot;:1,&quot;items_portrait_mobile&quot;:1,&quot;items_small_mobile&quot;:1}\" data-slick-options=\"{&quot;slidesToShow&quot;:1,&quot;slidesToScroll&quot;:1,&quot;autoplay&quot;:true,&quot;autoplaySpeed&quot;:5000,&quot;infinite&quot;:true,&quot;pauseOnHover&quot;:true,&quot;speed&quot;:1000,&quot;arrows&quot;:true,&quot;dots&quot;:true}\"><div class=\"slideshow-item elementor-repeater-item-6208c05\"><a href=\"\/es\/categoria-de-producto\/kits-es\/\"><img fetchpriority=\"high\" decoding=\"async\" src=\"https:\/\/hialeahchakras.com\/wp-content\/uploads\/2022\/03\/Untitled-2.png\" width=\"2560\" height=\"890\" alt=\"KITS\" class=\"skip-lazy\"\/><\/a><div class=\"container\"><div class=\"inner\"><div class=\"slideshow-content\"><div class=\"title1\">KITS<\/div><div class=\"title2\">S\u00e9 consciente, siente la calma.<\/div><a class=\"slideshow-button\" href=\"\/es\/categoria-de-producto\/kits-es\/\">Compra ahora<\/a><\/div><\/div><\/div><\/div><\/div><\/div>\t\t<\/div>\n\t\t\t\t<\/div>\n\t\t\t\t\t<\/div>\n\t\t<\/div>\n\t\t\t\t\t<\/div>\n\t\t<\/section>\n\t\t\t\t<section class=\"elementor-section elementor-top-section elementor-element elementor-element-043dec9 elementor-section-full_width elementor-hidden-desktop elementor-hidden-tablet elementor-hidden-mobile elementor-section-height-default elementor-section-height-default\" data-id=\"043dec9\" data-element_type=\"section\">\n\t\t\t\t\t\t<div class=\"elementor-container elementor-column-gap-no\">\n\t\t\t\t\t<div class=\"elementor-column elementor-col-100 elementor-top-column elementor-element elementor-element-3a29954\" data-id=\"3a29954\" data-element_type=\"column\">\n\t\t\t<div class=\"elementor-widget-wrap elementor-element-populated\">\n\t\t\t\t\t\t<div class=\"elementor-element elementor-element-b1b984e elementor-widget elementor-widget-rt_categories\" data-id=\"b1b984e\" data-element_type=\"widget\" data-settings=\"{&quot;responsive&quot;:&quot;custom&quot;,&quot;items_laptop&quot;:&quot;4&quot;,&quot;items_landscape_tablet&quot;:&quot;4&quot;,&quot;items_portrait_tablet&quot;:&quot;4&quot;,&quot;items_landscape_mobile&quot;:&quot;3&quot;,&quot;items_portrait_mobile&quot;:&quot;2&quot;,&quot;items_small_mobile&quot;:&quot;2&quot;,&quot;items&quot;:&quot;4&quot;}\" data-widget_type=\"rt_categories.default\">\n\t\t\t\t<div class=\"elementor-widget-container\">\n\t\t\t\n\t\t<div class=\"categories-container slick-slider-block column-desktop-4 column-tablet-4 column-mobile-2\" data-slick-options=\"{&quot;slidesToShow&quot;:4,&quot;slidesToScroll&quot;:1,&quot;autoplay&quot;:false,&quot;autoplaySpeed&quot;:3000,&quot;infinite&quot;:false,&quot;speed&quot;:1000,&quot;arrows&quot;:true,&quot;dots&quot;:false,&quot;rows&quot;:1}\" data-slick-responsive=\"{&quot;items_laptop&quot;:4,&quot;items_landscape_tablet&quot;:4,&quot;items_portrait_tablet&quot;:4,&quot;items_landscape_mobile&quot;:3,&quot;items_portrait_mobile&quot;:2,&quot;items_small_mobile&quot;:2}\">\n\t\t\t\t\t\t\t\t<div class=\"category-item\">\n\t\t\t\t\t\t\t\t\t\t\t\t\t\t<div class=\"single-item style1\">\n\t\t\t\t\t\t\t\t\t<h5 class=\"name\"><a  href=\"https:\/\/hialeahchakras.com\/product-category\/candles\/\">Candles<\/a><\/h5>\n\t\t\t\t\t\t\t\t\t<div class=\"category-image\">\n\t\t\t\t\t\t\t\t\t\t\t\t\t\t\t\t\t\t\t<\/div>\n\t\t\t\t\t\t\t\t\t<div class=\"category-content\">\n\t\t\t\t\t\t\t\t\t\t\n\t\t\t\t\t\t\t\t\t\t\t\t\t\t\t\t\t\t\t\t\t<p class=\"count\">1 Products<\/p>\n\t\t\t\t\t\t\t\t\t\t\t\t\t\t\t\t\t\t\t\t\t\t\t\t\t\t\t\t\t<\/div>\n\t\t\t\t\t\t\t\t<\/div>\t\n\t\t\t\t\t\t\t\t\t\t\t\t\t<\/div>\n\t\t\t\t\t\t\t\t\t\t<div class=\"category-item\">\n\t\t\t\t\t\t\t\t\t\t\t\t\t\t<div class=\"single-item style1\">\n\t\t\t\t\t\t\t\t\t<h5 class=\"name\"><a  href=\"https:\/\/hialeahchakras.com\/product-category\/essential-oils\/\">Essential Oils<\/a><\/h5>\n\t\t\t\t\t\t\t\t\t<div class=\"category-image\">\n\t\t\t\t\t\t\t\t\t\t\t\t\t\t\t\t\t\t\t<\/div>\n\t\t\t\t\t\t\t\t\t<div class=\"category-content\">\n\t\t\t\t\t\t\t\t\t\t\n\t\t\t\t\t\t\t\t\t\t\t\t\t\t\t\t\t\t\t\t\t<p class=\"count\">1 Products<\/p>\n\t\t\t\t\t\t\t\t\t\t\t\t\t\t\t\t\t\t\t\t\t\t\t\t\t\t\t\t\t<\/div>\n\t\t\t\t\t\t\t\t<\/div>\t\n\t\t\t\t\t\t\t\t\t\t\t\t\t<\/div>\n\t\t\t\t\t\t\t\t\t\t<div class=\"category-item\">\n\t\t\t\t\t\t\t\t\t\t\t\t\t\t<div class=\"single-item style1\">\n\t\t\t\t\t\t\t\t\t<h5 class=\"name\"><a  href=\"https:\/\/hialeahchakras.com\/product-category\/kits\/\">Kits<\/a><\/h5>\n\t\t\t\t\t\t\t\t\t<div class=\"category-image\">\n\t\t\t\t\t\t\t\t\t\t\t\t\t\t\t\t\t\t\t<\/div>\n\t\t\t\t\t\t\t\t\t<div class=\"category-content\">\n\t\t\t\t\t\t\t\t\t\t\n\t\t\t\t\t\t\t\t\t\t\t\t\t\t\t\t\t\t\t\t\t<p class=\"count\">1 Products<\/p>\n\t\t\t\t\t\t\t\t\t\t\t\t\t\t\t\t\t\t\t\t\t\t\t\t\t\t\t\t\t<\/div>\n\t\t\t\t\t\t\t\t<\/div>\t\n\t\t\t\t\t\t\t\t\t\t\t\t\t<\/div>\n\t\t\t\t\t\t\t\t\t\t<div class=\"category-item\">\n\t\t\t\t\t\t\t\t\t\t\t\t\t\t<div class=\"single-item style1\">\n\t\t\t\t\t\t\t\t\t<h5 class=\"name\"><a  href=\"https:\/\/hialeahchakras.com\/product-category\/salt-bath\/\">Salt Bath<\/a><\/h5>\n\t\t\t\t\t\t\t\t\t<div class=\"category-image\">\n\t\t\t\t\t\t\t\t\t\t\t\t\t\t\t\t\t\t\t<\/div>\n\t\t\t\t\t\t\t\t\t<div class=\"category-content\">\n\t\t\t\t\t\t\t\t\t\t\n\t\t\t\t\t\t\t\t\t\t\t\t\t\t\t\t\t\t\t\t\t<p class=\"count\">1 Products<\/p>\n\t\t\t\t\t\t\t\t\t\t\t\t\t\t\t\t\t\t\t\t\t\t\t\t\t\t\t\t\t<\/div>\n\t\t\t\t\t\t\t\t<\/div>\t\n\t\t\t\t\t\t\t\t\t\t\t\t\t<\/div>\n\t\t\t\t\t \n\t\t<\/div> \n\n\t\t \n\n\t\t\t<\/div>\n\t\t\t\t<\/div>\n\t\t\t\t\t<\/div>\n\t\t<\/div>\n\t\t\t\t\t<\/div>\n\t\t<\/section>\n\t\t\t\t<section class=\"elementor-section elementor-top-section elementor-element elementor-element-7e0de55a elementor-section-full_width col-gap-30 banner1_mixy1 elementor-hidden-desktop elementor-hidden-tablet elementor-hidden-mobile elementor-section-height-default elementor-section-height-default\" data-id=\"7e0de55a\" data-element_type=\"section\">\n\t\t\t\t\t\t<div class=\"elementor-container elementor-column-gap-no\">\n\t\t\t\t\t<div class=\"elementor-column elementor-col-50 elementor-top-column elementor-element elementor-element-81adffe\" data-id=\"81adffe\" data-element_type=\"column\">\n\t\t\t<div class=\"elementor-widget-wrap elementor-element-populated\">\n\t\t\t\t\t\t<div class=\"elementor-element elementor-element-6d8537ef elementor-widget elementor-widget-rt_banner\" data-id=\"6d8537ef\" data-element_type=\"widget\" data-widget_type=\"rt_banner.default\">\n\t\t\t\t<div class=\"elementor-widget-container\">\n\t\t\t\n\t\t<figure class=\"home-banner animation1\">\n\t\t\t<a class=\"rt-banner-link\" href=\"http:\/\/mixy.mallthemes.com\/shop\/\">\t\t\t\t<img decoding=\"async\" width=\"630\" height=\"230\" src=\"https:\/\/hialeahchakras.com\/wp-content\/uploads\/2022\/01\/img1_banner1_mixy4.webp\" class=\"elementor-animation-animation1 attachment-full size-full wp-image-6627\" alt=\"\" srcset=\"https:\/\/hialeahchakras.com\/wp-content\/uploads\/2022\/01\/img1_banner1_mixy4.webp 630w, https:\/\/hialeahchakras.com\/wp-content\/uploads\/2022\/01\/img1_banner1_mixy4-300x110.webp 300w, https:\/\/hialeahchakras.com\/wp-content\/uploads\/2022\/01\/img1_banner1_mixy4-255x93.webp 255w, https:\/\/hialeahchakras.com\/wp-content\/uploads\/2022\/01\/img1_banner1_mixy4-150x55.webp 150w\" sizes=\"(max-width: 630px) 100vw, 630px\" \/>\t\t\t\t\t\t\t<\/a>\n\t\t\t\t\t\t\t\t\t\t<figcaption>\n\t\t\t\t\t<div class=\"banner-content\">\n\t\t\t\t\t\t<div class=\"inner\">\n\t\t\t\t\t\t\t\t\t\t\t\t\t\t\t<p class=\"banner-title\">Black Friday<\/p>\n\t\t\t\t\t\t\t\t\t\t\t\t\t\t\t\n\t\t\t\t\t\t\t\t<p class=\"banner-title2\">Grocery Sale !<\/p>\n\t\t\t\t\t\t\t\t\t\t\t\t\t\t\t\t\t\t\t\t\t\t<div class=\"banner-text\">UP TO 35% OFF<\/div>\n\t\t\t\t\t\t\t\t\t\t\t\t\t\t\t\t\t\t\t\t<\/div>\n\t\t\t\t\t<\/div>\n\t\t\t\t<\/figcaption>\n\t\t\t\t\t<\/figure>\n\n\t\t\t\t<\/div>\n\t\t\t\t<\/div>\n\t\t\t\t\t<\/div>\n\t\t<\/div>\n\t\t\t\t<div class=\"elementor-column elementor-col-50 elementor-top-column elementor-element elementor-element-368fa58\" data-id=\"368fa58\" data-element_type=\"column\">\n\t\t\t<div class=\"elementor-widget-wrap elementor-element-populated\">\n\t\t\t\t\t\t<div class=\"elementor-element elementor-element-686266f6 elementor-widget elementor-widget-rt_banner\" data-id=\"686266f6\" data-element_type=\"widget\" data-widget_type=\"rt_banner.default\">\n\t\t\t\t<div class=\"elementor-widget-container\">\n\t\t\t\n\t\t<figure class=\"home-banner animation1\">\n\t\t\t<a class=\"rt-banner-link\" href=\"http:\/\/mixy.mallthemes.com\/shop\/\">\t\t\t\t<img decoding=\"async\" width=\"630\" height=\"230\" src=\"https:\/\/hialeahchakras.com\/wp-content\/uploads\/2022\/01\/img2_banner1_mixy4.webp\" class=\"elementor-animation-animation1 attachment-full size-full wp-image-6628\" alt=\"\" srcset=\"https:\/\/hialeahchakras.com\/wp-content\/uploads\/2022\/01\/img2_banner1_mixy4.webp 630w, https:\/\/hialeahchakras.com\/wp-content\/uploads\/2022\/01\/img2_banner1_mixy4-300x110.webp 300w, https:\/\/hialeahchakras.com\/wp-content\/uploads\/2022\/01\/img2_banner1_mixy4-255x93.webp 255w, https:\/\/hialeahchakras.com\/wp-content\/uploads\/2022\/01\/img2_banner1_mixy4-150x55.webp 150w\" sizes=\"(max-width: 630px) 100vw, 630px\" \/>\t\t\t\t\t\t\t<\/a>\n\t\t\t\t\t\t\t\t\t\t<figcaption>\n\t\t\t\t\t<div class=\"banner-content\">\n\t\t\t\t\t\t<div class=\"inner\">\n\t\t\t\t\t\t\t\t\t\t\t\t\t\t\t<p class=\"banner-title\">Black Friday<\/p>\n\t\t\t\t\t\t\t\t\t\t\t\t\t\t\t\n\t\t\t\t\t\t\t\t<p class=\"banner-title2\">Delicious Moments<\/p>\n\t\t\t\t\t\t\t\t\t\t\t\t\t\t\t\t\t\t\t\t\t\t<div class=\"banner-text\">UP TO 50% OFF<\/div>\n\t\t\t\t\t\t\t\t\t\t\t\t\t\t\t\t\t\t\t\t<\/div>\n\t\t\t\t\t<\/div>\n\t\t\t\t<\/figcaption>\n\t\t\t\t\t<\/figure>\n\n\t\t\t\t<\/div>\n\t\t\t\t<\/div>\n\t\t\t\t\t<\/div>\n\t\t<\/div>\n\t\t\t\t\t<\/div>\n\t\t<\/section>\n\t\t\t\t<section class=\"elementor-section elementor-top-section elementor-element elementor-element-0143a79 elementor-section-full_width elementor-hidden-desktop elementor-hidden-tablet elementor-hidden-mobile elementor-section-height-default elementor-section-height-default\" data-id=\"0143a79\" data-element_type=\"section\">\n\t\t\t\t\t\t<div class=\"elementor-container elementor-column-gap-no\">\n\t\t\t\t\t<div class=\"elementor-column elementor-col-100 elementor-top-column elementor-element elementor-element-d3d4bdf\" data-id=\"d3d4bdf\" data-element_type=\"column\">\n\t\t\t<div class=\"elementor-widget-wrap elementor-element-populated\">\n\t\t\t\t\t\t<div class=\"elementor-element elementor-element-70163b4e elementor-widget elementor-widget-heading\" data-id=\"70163b4e\" data-element_type=\"widget\" data-widget_type=\"heading.default\">\n\t\t\t\t<div class=\"elementor-widget-container\">\n\t\t\t<style>\/*! elementor - v3.21.0 - 30-04-2024 *\/\n.elementor-heading-title{padding:0;margin:0;line-height:1}.elementor-widget-heading .elementor-heading-title[class*=elementor-size-]>a{color:inherit;font-size:inherit;line-height:inherit}.elementor-widget-heading .elementor-heading-title.elementor-size-small{font-size:15px}.elementor-widget-heading .elementor-heading-title.elementor-size-medium{font-size:19px}.elementor-widget-heading .elementor-heading-title.elementor-size-large{font-size:29px}.elementor-widget-heading .elementor-heading-title.elementor-size-xl{font-size:39px}.elementor-widget-heading .elementor-heading-title.elementor-size-xxl{font-size:59px}<\/style><div class=\"elementor-heading-title elementor-size-default\">Season Discount<\/div>\t\t<\/div>\n\t\t\t\t<\/div>\n\t\t\t\t<div class=\"elementor-element elementor-element-d9572ea elementor-widget elementor-widget-heading\" data-id=\"d9572ea\" data-element_type=\"widget\" data-widget_type=\"heading.default\">\n\t\t\t\t<div class=\"elementor-widget-container\">\n\t\t\t<div class=\"elementor-heading-title elementor-size-default\">Deals Of The Week<\/div>\t\t<\/div>\n\t\t\t\t<\/div>\n\t\t\t\t<div class=\"elementor-element elementor-element-1c8b182 text-center elementor-widget elementor-widget-rt_countdown\" data-id=\"1c8b182\" data-element_type=\"widget\" data-widget_type=\"rt_countdown.default\">\n\t\t\t\t<div class=\"elementor-widget-container\">\n\t\t\t \t\t<div class=\"rt-elementor-countdown block-countdown d-count-inline\" data-end-date=\"2034-01-18 12:00\"><\/div>\n \t\t\t\t<\/div>\n\t\t\t\t<\/div>\n\t\t\t\t<div class=\"elementor-element elementor-element-3934f28 elementor-widget elementor-widget-rt_products\" data-id=\"3934f28\" data-element_type=\"widget\" data-settings=\"{&quot;responsive&quot;:&quot;custom&quot;,&quot;items_laptop&quot;:&quot;4&quot;,&quot;items_landscape_tablet&quot;:&quot;3&quot;,&quot;items_portrait_tablet&quot;:&quot;3&quot;,&quot;items_landscape_mobile&quot;:&quot;2&quot;,&quot;items_portrait_mobile&quot;:&quot;2&quot;,&quot;items_small_mobile&quot;:&quot;1&quot;,&quot;items&quot;:&quot;4&quot;}\" data-widget_type=\"rt_products.default\">\n\t\t\t\t<div class=\"elementor-widget-container\">\n\t\t\t\n        \t<div class=\"product-widget mixy-widget\">\n\t        \t\t        \t\t<div class=\"products-wrapper row block-product slick-slider-block column-desktop-4 column-tablet-3 column-mobile-1  1\" data-slick-responsive='{\"items_laptop\":4,\"items_landscape_tablet\":3,\"items_portrait_tablet\":3,\"items_landscape_mobile\":2,\"items_portrait_mobile\":2,\"items_small_mobile\":1}'  \n\t\t\t\t\tdata-slick-options='{\"slidesToShow\":4,\"autoplay\":false,\"infinite\":false,\"arrows\":true,\"dots\":false,\"rows\":2,\"autoplay_speed\":3000,\"speed\":1000}'>\n\t        \t\n\t\t\t\t\t\t\t\t\t\t\t<\/div>\n\n\t\t \t<\/div>\n\n\t\t \n\n\t\t\t<\/div>\n\t\t\t\t<\/div>\n\t\t\t\t\t<\/div>\n\t\t<\/div>\n\t\t\t\t\t<\/div>\n\t\t<\/section>\n\t\t\t\t<section class=\"elementor-section elementor-top-section elementor-element elementor-element-3738019 elementor-section-boxed elementor-section-height-default elementor-section-height-default\" data-id=\"3738019\" data-element_type=\"section\">\n\t\t\t\t\t\t<div class=\"elementor-container elementor-column-gap-no\">\n\t\t\t\t\t<div class=\"elementor-column elementor-col-50 elementor-top-column elementor-element elementor-element-754d49ee\" data-id=\"754d49ee\" data-element_type=\"column\" data-settings=\"{&quot;background_background&quot;:&quot;classic&quot;}\">\n\t\t\t<div class=\"elementor-widget-wrap elementor-element-populated\">\n\t\t\t\t\t<div class=\"elementor-background-overlay\"><\/div>\n\t\t\t\t\t\t<div class=\"elementor-element elementor-element-fc2d1fc elementor-widget elementor-widget-text-editor\" data-id=\"fc2d1fc\" data-element_type=\"widget\" data-widget_type=\"text-editor.default\">\n\t\t\t\t<div class=\"elementor-widget-container\">\n\t\t\t<style>\/*! elementor - v3.21.0 - 30-04-2024 *\/\n.elementor-widget-text-editor.elementor-drop-cap-view-stacked .elementor-drop-cap{background-color:#69727d;color:#fff}.elementor-widget-text-editor.elementor-drop-cap-view-framed .elementor-drop-cap{color:#69727d;border:3px solid;background-color:transparent}.elementor-widget-text-editor:not(.elementor-drop-cap-view-default) .elementor-drop-cap{margin-top:8px}.elementor-widget-text-editor:not(.elementor-drop-cap-view-default) .elementor-drop-cap-letter{width:1em;height:1em}.elementor-widget-text-editor .elementor-drop-cap{float:left;text-align:center;line-height:1;font-size:50px}.elementor-widget-text-editor .elementor-drop-cap-letter{display:inline-block}<\/style>\t\t\t\t<p>VELAS<\/p>\t\t\t\t\t\t<\/div>\n\t\t\t\t<\/div>\n\t\t\t\t<div class=\"elementor-element elementor-element-724c9a7 elementor-widget elementor-widget-text-editor\" data-id=\"724c9a7\" data-element_type=\"widget\" data-widget_type=\"text-editor.default\">\n\t\t\t\t<div class=\"elementor-widget-container\">\n\t\t\t\t\t\t\t<p>Vela de cera de soja para masajes denominada AURA. La vela est\u00e1 infundida con aceites esenciales de lavanda que: Promueve la relajaci\u00f3n y la calma. Reduce los niveles de ansiedad, depresi\u00f3n y estr\u00e9s. Reduce los calambres. Despeja la mente cansada.<\/p>\t\t\t\t\t\t<\/div>\n\t\t\t\t<\/div>\n\t\t\t\t<div class=\"elementor-element elementor-element-4a504362 elementor-widget elementor-widget-spacer\" data-id=\"4a504362\" data-element_type=\"widget\" data-widget_type=\"spacer.default\">\n\t\t\t\t<div class=\"elementor-widget-container\">\n\t\t\t<style>\/*! elementor - v3.21.0 - 30-04-2024 *\/\n.elementor-column .elementor-spacer-inner{height:var(--spacer-size)}.e-con{--container-widget-width:100%}.e-con-inner>.elementor-widget-spacer,.e-con>.elementor-widget-spacer{width:var(--container-widget-width,var(--spacer-size));--align-self:var(--container-widget-align-self,initial);--flex-shrink:0}.e-con-inner>.elementor-widget-spacer>.elementor-widget-container,.e-con>.elementor-widget-spacer>.elementor-widget-container{height:100%;width:100%}.e-con-inner>.elementor-widget-spacer>.elementor-widget-container>.elementor-spacer,.e-con>.elementor-widget-spacer>.elementor-widget-container>.elementor-spacer{height:100%}.e-con-inner>.elementor-widget-spacer>.elementor-widget-container>.elementor-spacer>.elementor-spacer-inner,.e-con>.elementor-widget-spacer>.elementor-widget-container>.elementor-spacer>.elementor-spacer-inner{height:var(--container-widget-height,var(--spacer-size))}.e-con-inner>.elementor-widget-spacer.elementor-widget-empty,.e-con>.elementor-widget-spacer.elementor-widget-empty{position:relative;min-height:22px;min-width:22px}.e-con-inner>.elementor-widget-spacer.elementor-widget-empty .elementor-widget-empty-icon,.e-con>.elementor-widget-spacer.elementor-widget-empty .elementor-widget-empty-icon{position:absolute;top:0;bottom:0;left:0;right:0;margin:auto;padding:0;width:22px;height:22px}<\/style>\t\t<div class=\"elementor-spacer\">\n\t\t\t<div class=\"elementor-spacer-inner\"><\/div>\n\t\t<\/div>\n\t\t\t\t<\/div>\n\t\t\t\t<\/div>\n\t\t\t\t<div class=\"elementor-element elementor-element-759e21db elementor-mobile-align-left elementor-widget elementor-widget-button\" data-id=\"759e21db\" data-element_type=\"widget\" data-widget_type=\"button.default\">\n\t\t\t\t<div class=\"elementor-widget-container\">\n\t\t\t\t\t<div class=\"elementor-button-wrapper\">\n\t\t\t<a class=\"elementor-button elementor-button-link elementor-size-sm\" href=\"\/es\/categoria-de-producto\/velas\/\">\n\t\t\t\t\t\t<span class=\"elementor-button-content-wrapper\">\n\t\t\t\t\t\t\t\t\t<span class=\"elementor-button-text\">Shop Now<\/span>\n\t\t\t\t\t<\/span>\n\t\t\t\t\t<\/a>\n\t\t<\/div>\n\t\t\t\t<\/div>\n\t\t\t\t<\/div>\n\t\t\t\t\t<\/div>\n\t\t<\/div>\n\t\t\t\t<div class=\"elementor-column elementor-col-50 elementor-top-column elementor-element elementor-element-257ff8b9\" data-id=\"257ff8b9\" data-element_type=\"column\">\n\t\t\t<div class=\"elementor-widget-wrap elementor-element-populated\">\n\t\t\t\t\t\t<section class=\"elementor-section elementor-inner-section elementor-element elementor-element-74fbe073 elementor-section-boxed elementor-section-height-default elementor-section-height-default\" data-id=\"74fbe073\" data-element_type=\"section\">\n\t\t\t\t\t\t<div class=\"elementor-container elementor-column-gap-no\">\n\t\t\t\t\t<div class=\"elementor-column elementor-col-100 elementor-inner-column elementor-element elementor-element-6b83b15d\" data-id=\"6b83b15d\" data-element_type=\"column\" data-settings=\"{&quot;background_background&quot;:&quot;classic&quot;}\">\n\t\t\t<div class=\"elementor-widget-wrap elementor-element-populated\">\n\t\t\t\t\t<div class=\"elementor-background-overlay\"><\/div>\n\t\t\t\t\t\t<div class=\"elementor-element elementor-element-f577655 elementor-widget elementor-widget-text-editor\" data-id=\"f577655\" data-element_type=\"widget\" data-widget_type=\"text-editor.default\">\n\t\t\t\t<div class=\"elementor-widget-container\">\n\t\t\t\t\t\t\t<p>BA\u00d1O DE SAL<\/p>\t\t\t\t\t\t<\/div>\n\t\t\t\t<\/div>\n\t\t\t\t<div class=\"elementor-element elementor-element-8db6147 elementor-widget elementor-widget-text-editor\" data-id=\"8db6147\" data-element_type=\"widget\" data-widget_type=\"text-editor.default\">\n\t\t\t\t<div class=\"elementor-widget-container\">\n\t\t\t\t\t\t\t<p>El ba\u00f1o de sal del Himalaya est\u00e1 elaborado con aceite esencial de jazm\u00edn. Este aroma promueve sentimientos de bienestar positivo, actividad, frescura, tambi\u00e9n exulta la energ\u00eda sagrada y restaura la energ\u00eda. Sentir\u00e1s su dulce aroma floral durante todo el d\u00eda. Adem\u00e1s hidratar\u00e1s y exfoliar\u00e1s tu piel eliminando restos de energ\u00eda bloqueada en tu cuerpo.<\/p>\t\t\t\t\t\t<\/div>\n\t\t\t\t<\/div>\n\t\t\t\t<div class=\"elementor-element elementor-element-7fb6480b elementor-widget elementor-widget-spacer\" data-id=\"7fb6480b\" data-element_type=\"widget\" data-widget_type=\"spacer.default\">\n\t\t\t\t<div class=\"elementor-widget-container\">\n\t\t\t\t\t<div class=\"elementor-spacer\">\n\t\t\t<div class=\"elementor-spacer-inner\"><\/div>\n\t\t<\/div>\n\t\t\t\t<\/div>\n\t\t\t\t<\/div>\n\t\t\t\t<div class=\"elementor-element elementor-element-74d279d0 elementor-mobile-align-left elementor-widget elementor-widget-button\" data-id=\"74d279d0\" data-element_type=\"widget\" data-widget_type=\"button.default\">\n\t\t\t\t<div class=\"elementor-widget-container\">\n\t\t\t\t\t<div class=\"elementor-button-wrapper\">\n\t\t\t<a class=\"elementor-button elementor-button-link elementor-size-sm\" href=\"\/es\/categoria-de-producto\/bano-de-sal\/\">\n\t\t\t\t\t\t<span class=\"elementor-button-content-wrapper\">\n\t\t\t\t\t\t\t\t\t<span class=\"elementor-button-text\">Shop Now<\/span>\n\t\t\t\t\t<\/span>\n\t\t\t\t\t<\/a>\n\t\t<\/div>\n\t\t\t\t<\/div>\n\t\t\t\t<\/div>\n\t\t\t\t\t<\/div>\n\t\t<\/div>\n\t\t\t\t\t<\/div>\n\t\t<\/section>\n\t\t\t\t<section class=\"elementor-section elementor-inner-section elementor-element elementor-element-24b8e11f elementor-section-boxed elementor-section-height-default elementor-section-height-default\" data-id=\"24b8e11f\" data-element_type=\"section\">\n\t\t\t\t\t\t<div class=\"elementor-container elementor-column-gap-no\">\n\t\t\t\t\t<div class=\"elementor-column elementor-col-100 elementor-inner-column elementor-element elementor-element-4c71d9bf\" data-id=\"4c71d9bf\" data-element_type=\"column\" data-settings=\"{&quot;background_background&quot;:&quot;classic&quot;}\">\n\t\t\t<div class=\"elementor-widget-wrap elementor-element-populated\">\n\t\t\t\t\t<div class=\"elementor-background-overlay\"><\/div>\n\t\t\t\t\t\t<div class=\"elementor-element elementor-element-2a79e93 elementor-widget elementor-widget-text-editor\" data-id=\"2a79e93\" data-element_type=\"widget\" data-widget_type=\"text-editor.default\">\n\t\t\t\t<div class=\"elementor-widget-container\">\n\t\t\t\t\t\t\t<p>ACEITES ESENCIALES<\/p>\t\t\t\t\t\t<\/div>\n\t\t\t\t<\/div>\n\t\t\t\t<div class=\"elementor-element elementor-element-7e0eb79 elementor-widget elementor-widget-text-editor\" data-id=\"7e0eb79\" data-element_type=\"widget\" data-widget_type=\"text-editor.default\">\n\t\t\t\t<div class=\"elementor-widget-container\">\n\t\t\t\t\t\t\t<p>La mezcla de estos aceites esenciales transformar\u00e1 tu d\u00eda, te relajar\u00e1, calmar\u00e1, promover\u00e1 la relajaci\u00f3n, la felicidad y la energ\u00eda positiva cuando lo uses.<\/p>\t\t\t\t\t\t<\/div>\n\t\t\t\t<\/div>\n\t\t\t\t<div class=\"elementor-element elementor-element-3cc6c5b1 elementor-widget elementor-widget-spacer\" data-id=\"3cc6c5b1\" data-element_type=\"widget\" data-widget_type=\"spacer.default\">\n\t\t\t\t<div class=\"elementor-widget-container\">\n\t\t\t\t\t<div class=\"elementor-spacer\">\n\t\t\t<div class=\"elementor-spacer-inner\"><\/div>\n\t\t<\/div>\n\t\t\t\t<\/div>\n\t\t\t\t<\/div>\n\t\t\t\t<div class=\"elementor-element elementor-element-45a507d5 elementor-mobile-align-left elementor-widget elementor-widget-button\" data-id=\"45a507d5\" data-element_type=\"widget\" data-widget_type=\"button.default\">\n\t\t\t\t<div class=\"elementor-widget-container\">\n\t\t\t\t\t<div class=\"elementor-button-wrapper\">\n\t\t\t<a class=\"elementor-button elementor-button-link elementor-size-sm\" href=\"\/es\/categoria-de-producto\/aceites-esenciales\/\">\n\t\t\t\t\t\t<span class=\"elementor-button-content-wrapper\">\n\t\t\t\t\t\t\t\t\t<span class=\"elementor-button-text\">Shop Now<\/span>\n\t\t\t\t\t<\/span>\n\t\t\t\t\t<\/a>\n\t\t<\/div>\n\t\t\t\t<\/div>\n\t\t\t\t<\/div>\n\t\t\t\t\t<\/div>\n\t\t<\/div>\n\t\t\t\t\t<\/div>\n\t\t<\/section>\n\t\t\t\t\t<\/div>\n\t\t<\/div>\n\t\t\t\t\t<\/div>\n\t\t<\/section>\n\t\t\t\t<\/div>\n\t\t","protected":false},"excerpt":{"rendered":"<p>KITSS\u00e9 consciente, siente la calma.Compra ahora Candles 1 Products Essential Oils 1 Products Kits 1 Products Salt Bath[&#8230;]<\/p>\n","protected":false},"author":1,"featured_media":0,"parent":0,"menu_order":0,"comment_status":"closed","ping_status":"closed","template":"","meta":{"inline_featured_image":false,"footnotes":""},"class_list":["post-7260","page","type-page","status-publish","hentry"],"jetpack_sharing_enabled":true,"_links":{"self":[{"href":"https:\/\/hialeahchakras.com\/es\/wp-json\/wp\/v2\/pages\/7260","targetHints":{"allow":["GET"]}}],"collection":[{"href":"https:\/\/hialeahchakras.com\/es\/wp-json\/wp\/v2\/pages"}],"about":[{"href":"https:\/\/hialeahchakras.com\/es\/wp-json\/wp\/v2\/types\/page"}],"author":[{"embeddable":true,"href":"https:\/\/hialeahchakras.com\/es\/wp-json\/wp\/v2\/users\/1"}],"replies":[{"embeddable":true,"href":"https:\/\/hialeahchakras.com\/es\/wp-json\/wp\/v2\/comments?post=7260"}],"version-history":[{"count":26,"href":"https:\/\/hialeahchakras.com\/es\/wp-json\/wp\/v2\/pages\/7260\/revisions"}],"predecessor-version":[{"id":7370,"href":"https:\/\/hialeahchakras.com\/es\/wp-json\/wp\/v2\/pages\/7260\/revisions\/7370"}],"wp:attachment":[{"href":"https:\/\/hialeahchakras.com\/es\/wp-json\/wp\/v2\/media?parent=7260"}],"curies":[{"name":"wp","href":"https:\/\/api.w.org\/{rel}","templated":true}]}}