{"id":7282,"date":"2022-02-16T21:57:12","date_gmt":"2022-02-16T21:57:12","guid":{"rendered":"https:\/\/hialeahchakras.com\/product\/himalayan-salt-blend\/"},"modified":"2022-03-15T23:03:41","modified_gmt":"2022-03-15T23:03:41","slug":"bano-himalaya","status":"publish","type":"product","link":"https:\/\/hialeahchakras.com\/es\/product\/bano-himalaya\/","title":{"rendered":"Ba\u00f1o de sal de Himalaya"},"content":{"rendered":"<p><span style=\"font-weight: 400;\">Ba\u00f1o de sal de Himalaya contiene aceite esencial de Jazm\u00edn, y sentir\u00e1s su aroma floral todo el d\u00eda. Adem\u00e1s hidratar\u00e1 tu piel y la exfoliar\u00e1 eliminando restos de energ\u00eda bloqueada en tu cuerpo.\u00a0 Los beneficios de este aroma son:\u00a0<\/span><\/p>\n<p><span style=\"font-weight: 400;\">Trasmite relajaci\u00f3n, paz y calma.<\/span><\/p>\n<p><span style=\"font-weight: 400;\">Genera un sentimiento de amor y abundancia.<\/span><\/p>\n<p><span style=\"font-weight: 400;\">Al aplic\u00e1rtelo siente como la mezcla exfolia tu cuerpo, y el aroma refresca y desbloquea cualquier sentimiento negativo en tu cuerpo.\u00a0<\/span><\/p>\n<p>&nbsp;<\/p>\n<p><b>Modo de aplicaci\u00f3n:\u00a0<\/b><\/p>\n<p><span style=\"font-weight: 400;\">Humedece tu cuerpo, luego pon en tu palma de la mano dos cucharas del producto y aplica en tu coraz\u00f3n para sanar, liberar y multiplicar. En tus brazos, hombros para quitar cualquier peso o carga innecesaria.<\/span><\/p>\n","protected":false},"excerpt":{"rendered":"<p>Ba\u00f1o de sal de Himalaya contiene aceite esencial de Jazm\u00edn, y sentir\u00e1s su aroma floral todo el d\u00eda.[&#8230;]<\/p>\n","protected":false},"featured_media":7234,"template":"","meta":{"inline_featured_image":false},"product_cat":[60],"product_tag":[64,65,66],"class_list":{"0":"post-7282","1":"product","2":"type-product","3":"status-publish","4":"has-post-thumbnail","6":"product_cat-bano-de-sal","7":"product_tag-activeness-es","8":"product_tag-energy-es","9":"product_tag-freshness-es","10":"product_shipping_class-regular-es","12":"first","13":"outofstock","14":"taxable","15":"shipping-taxable","16":"purchasable","17":"product-type-simple"},"jetpack_sharing_enabled":true,"_links":{"self":[{"href":"https:\/\/hialeahchakras.com\/es\/wp-json\/wp\/v2\/product\/7282","targetHints":{"allow":["GET"]}}],"collection":[{"href":"https:\/\/hialeahchakras.com\/es\/wp-json\/wp\/v2\/product"}],"about":[{"href":"https:\/\/hialeahchakras.com\/es\/wp-json\/wp\/v2\/types\/product"}],"version-history":[{"count":2,"href":"https:\/\/hialeahchakras.com\/es\/wp-json\/wp\/v2\/product\/7282\/revisions"}],"predecessor-version":[{"id":7292,"href":"https:\/\/hialeahchakras.com\/es\/wp-json\/wp\/v2\/product\/7282\/revisions\/7292"}],"wp:featuredmedia":[{"embeddable":true,"href":"https:\/\/hialeahchakras.com\/es\/wp-json\/wp\/v2\/media\/7234"}],"wp:attachment":[{"href":"https:\/\/hialeahchakras.com\/es\/wp-json\/wp\/v2\/media?parent=7282"}],"wp:term":[{"taxonomy":"product_cat","embeddable":true,"href":"https:\/\/hialeahchakras.com\/es\/wp-json\/wp\/v2\/product_cat?post=7282"},{"taxonomy":"product_tag","embeddable":true,"href":"https:\/\/hialeahchakras.com\/es\/wp-json\/wp\/v2\/product_tag?post=7282"}],"curies":[{"name":"wp","href":"https:\/\/api.w.org\/{rel}","templated":true}]}}