{"id":7283,"date":"2022-02-16T21:57:12","date_gmt":"2022-02-16T21:57:12","guid":{"rendered":"https:\/\/hialeahchakras.com\/product\/essential-oil-blend\/"},"modified":"2022-03-15T23:05:08","modified_gmt":"2022-03-15T23:05:08","slug":"mezcla-aceites","status":"publish","type":"product","link":"https:\/\/hialeahchakras.com\/es\/product\/mezcla-aceites\/","title":{"rendered":"Mezcla de aceites esenciales"},"content":{"rendered":"<p><b>Mezcla de aceites esenciales- Ylang Ylang, Geranio, Naranja<\/b><span style=\"font-weight: 400;\">.<\/span><\/p>\n<p><span style=\"font-weight: 400;\">Esta mezcla tiene predominancia de aroma de naranja, un poco de ylan ylang que le brinda un toque floral y tamb\u00eden incluye geranio egipcio que fortalice el aroma de naranja.<\/span><\/p>\n<p><span style=\"font-weight: 400;\">Esta combinaci\u00f3n transformara tu d\u00eda a d\u00eda, pues su aroma relajante te calma y promueve el sentimiento de relajaci\u00f3n. La naranja te impregna de felicidad y positivismo.\u00a0<\/span><\/p>\n<p>&nbsp;<\/p>\n<p><b>Modo de aplicaci\u00f3n:<\/b><\/p>\n<p><span style=\"font-weight: 400;\">Aplica la mezcla en tus mu\u00f1ecas, detr\u00e1s de tus orejas, a los costados de los ojos, alrededor del ombligo.\u00a0<\/span><\/p>\n<p><em><span style=\"font-weight: 400;\">No olvides hacer un test de alergia antes de aplicarlo, en caso de hacer alergia no lo uses.<\/span><\/em><\/p>\n<p>&nbsp;<\/p>\n","protected":false},"excerpt":{"rendered":"<p>Mezcla de aceites esenciales- Ylang Ylang, Geranio, Naranja. Esta mezcla tiene predominancia de aroma de naranja, un poco[&#8230;]<\/p>\n","protected":false},"featured_media":7226,"template":"","meta":{"inline_featured_image":false},"product_cat":[58],"product_tag":[],"class_list":{"0":"post-7283","1":"product","2":"type-product","3":"status-publish","4":"has-post-thumbnail","6":"product_cat-aceites-esenciales","8":"first","9":"outofstock","10":"taxable","11":"shipping-taxable","12":"purchasable","13":"product-type-simple"},"jetpack_sharing_enabled":true,"_links":{"self":[{"href":"https:\/\/hialeahchakras.com\/es\/wp-json\/wp\/v2\/product\/7283","targetHints":{"allow":["GET"]}}],"collection":[{"href":"https:\/\/hialeahchakras.com\/es\/wp-json\/wp\/v2\/product"}],"about":[{"href":"https:\/\/hialeahchakras.com\/es\/wp-json\/wp\/v2\/types\/product"}],"version-history":[{"count":1,"href":"https:\/\/hialeahchakras.com\/es\/wp-json\/wp\/v2\/product\/7283\/revisions"}],"predecessor-version":[{"id":7293,"href":"https:\/\/hialeahchakras.com\/es\/wp-json\/wp\/v2\/product\/7283\/revisions\/7293"}],"wp:featuredmedia":[{"embeddable":true,"href":"https:\/\/hialeahchakras.com\/es\/wp-json\/wp\/v2\/media\/7226"}],"wp:attachment":[{"href":"https:\/\/hialeahchakras.com\/es\/wp-json\/wp\/v2\/media?parent=7283"}],"wp:term":[{"taxonomy":"product_cat","embeddable":true,"href":"https:\/\/hialeahchakras.com\/es\/wp-json\/wp\/v2\/product_cat?post=7283"},{"taxonomy":"product_tag","embeddable":true,"href":"https:\/\/hialeahchakras.com\/es\/wp-json\/wp\/v2\/product_tag?post=7283"}],"curies":[{"name":"wp","href":"https:\/\/api.w.org\/{rel}","templated":true}]}}