{"id":7284,"date":"2022-02-16T21:57:12","date_gmt":"2022-02-16T21:57:12","guid":{"rendered":"https:\/\/hialeahchakras.com\/product\/candle\/"},"modified":"2022-03-15T23:10:29","modified_gmt":"2022-03-15T23:10:29","slug":"vela","status":"publish","type":"product","link":"https:\/\/hialeahchakras.com\/es\/product\/vela\/","title":{"rendered":"Vela"},"content":{"rendered":"<p><span style=\"font-weight: 400;\">Vela para masaje de cera de soya se llama AURA.<\/span><\/p>\n<p><span style=\"font-weight: 400;\">La vela es de aceite esencial de<\/span><b> lavanda<\/b><span style=\"font-weight: 400;\"> que tiene los <\/span><b>siguientes beneficios:<\/b><\/p>\n<p><span style=\"font-weight: 400;\">El aroma promueve relajaci\u00f3n y calma.<\/span><\/p>\n<p><span style=\"font-weight: 400;\">Disminuye los niveles de ansiedad, depresi\u00f3n y estr\u00e9s.<\/span><\/p>\n<p><span style=\"font-weight: 400;\">Disminuye los c\u00f3licos.<\/span><\/p>\n<p>&nbsp;<\/p>\n<p><b>F\u00edsicos<\/b><span style=\"font-weight: 400;\">:<\/span><\/p>\n<p><span style=\"font-weight: 400;\">La vela trae propiedades que hidratar\u00e1n tu piel y relajar\u00e1n tus m\u00fasculos.<\/span><\/p>\n<p>&nbsp;<\/p>\n<p><b>Espiritualmente:<\/b><\/p>\n<p><span style=\"font-weight: 400;\">La flor de lavanda representa pureza, silencio, devoci\u00f3n , serenidad y gracia.\u00a0<\/span><\/p>\n<p><span style=\"font-weight: 400;\">Abre la conexi\u00f3n entre tu, tu ser interior, y tus seres de luz.<\/span><\/p>\n<p><span style=\"font-weight: 400;\">La LAVANDA ayuda en la alineaci\u00f3n de todos los chakras, en especial chakra de la corona.<\/span><\/p>\n<p>&nbsp;<\/p>\n<p><b>Modo de Aplicaci\u00f3n:<\/b><\/p>\n<p><span style=\"font-weight: 400;\">Al realizar la meditaci\u00f3n incluida te guiaremos para usar la vela, tambi\u00e9n puedes usarla para hacerte masajes en lugares que tengas dolor muscular, o para que tu pareja te haga un masaje relajante. Si quieres limpiar energ\u00e9ticamente el espacio en tu sala o cuarto puedes encender la vela y esta har\u00e1 todo el trabajo.<\/span><\/p>\n<p><span style=\"font-weight: 400;\">Para que dure m\u00e1s utiliza por uso, una cantidad normal de cera.<\/span><\/p>\n<p>&nbsp;<\/p>\n<p><em><span style=\"font-weight: 400;\">No olvides hacer un test de alergia antes de aplicarlo, en caso de hacer alergia no lo uses.<\/span><\/em><\/p>\n","protected":false},"excerpt":{"rendered":"<p>Vela para masaje de cera de soya se llama AURA. La vela es de aceite esencial de lavanda[&#8230;]<\/p>\n","protected":false},"featured_media":7233,"template":"","meta":{"inline_featured_image":false},"product_cat":[57],"product_tag":[],"class_list":{"0":"post-7284","1":"product","2":"type-product","3":"status-publish","4":"has-post-thumbnail","6":"product_cat-velas","8":"first","9":"outofstock","10":"taxable","11":"shipping-taxable","12":"purchasable","13":"product-type-simple"},"jetpack_sharing_enabled":true,"_links":{"self":[{"href":"https:\/\/hialeahchakras.com\/es\/wp-json\/wp\/v2\/product\/7284","targetHints":{"allow":["GET"]}}],"collection":[{"href":"https:\/\/hialeahchakras.com\/es\/wp-json\/wp\/v2\/product"}],"about":[{"href":"https:\/\/hialeahchakras.com\/es\/wp-json\/wp\/v2\/types\/product"}],"version-history":[{"count":1,"href":"https:\/\/hialeahchakras.com\/es\/wp-json\/wp\/v2\/product\/7284\/revisions"}],"predecessor-version":[{"id":7294,"href":"https:\/\/hialeahchakras.com\/es\/wp-json\/wp\/v2\/product\/7284\/revisions\/7294"}],"wp:featuredmedia":[{"embeddable":true,"href":"https:\/\/hialeahchakras.com\/es\/wp-json\/wp\/v2\/media\/7233"}],"wp:attachment":[{"href":"https:\/\/hialeahchakras.com\/es\/wp-json\/wp\/v2\/media?parent=7284"}],"wp:term":[{"taxonomy":"product_cat","embeddable":true,"href":"https:\/\/hialeahchakras.com\/es\/wp-json\/wp\/v2\/product_cat?post=7284"},{"taxonomy":"product_tag","embeddable":true,"href":"https:\/\/hialeahchakras.com\/es\/wp-json\/wp\/v2\/product_tag?post=7284"}],"curies":[{"name":"wp","href":"https:\/\/api.w.org\/{rel}","templated":true}]}}