{"id":7285,"date":"2022-02-16T21:57:12","date_gmt":"2022-02-16T21:57:12","guid":{"rendered":"https:\/\/hialeahchakras.com\/product\/meditation-kit\/"},"modified":"2022-03-15T23:12:22","modified_gmt":"2022-03-15T23:12:22","slug":"meditation-kit","status":"publish","type":"product","link":"https:\/\/hialeahchakras.com\/es\/product\/meditation-kit\/","title":{"rendered":"Meditation Kit"},"content":{"rendered":"<p><span style=\"font-weight: 400;\">Hialeah Espiritual &#8211; meditation kit:<\/span><\/p>\n<p><b>KIT INCLUDES:<\/b><\/p>\n<ul>\n<li style=\"font-weight: 400;\" aria-level=\"1\"><span style=\"font-weight: 400;\">Audio de meditaci\u00f3n para alinear los chakras.<\/span><\/li>\n<li style=\"font-weight: 400;\" aria-level=\"1\"><span style=\"font-weight: 400;\">Vela de soya de lavanda para masaje.<\/span><\/li>\n<li style=\"font-weight: 400;\" aria-level=\"1\"><span style=\"font-weight: 400;\">Piedra y chips de amatista.<\/span><\/li>\n<li style=\"font-weight: 400;\" aria-level=\"1\"><span style=\"font-weight: 400;\">Mezcla de aceites esenciales para amplificar el sentimiento de paz y relajaci\u00f3n.<\/span><\/li>\n<li style=\"font-weight: 400;\" aria-level=\"1\"><span style=\"font-weight: 400;\">2 cuarzos blancos.<\/span><\/li>\n<li style=\"font-weight: 400;\" aria-level=\"1\"><span style=\"font-weight: 400;\">7 cartas de chakras con mantras y m\u00e1s.<\/span><\/li>\n<li style=\"font-weight: 400;\" aria-level=\"1\"><span style=\"font-weight: 400;\">Exfoliante de sal de ba\u00f1o de jazm\u00edn con petalos de rosa.<\/span><\/li>\n<li style=\"font-weight: 400;\" aria-level=\"1\"><span style=\"font-weight: 400;\">3 inciensos.<\/span><\/li>\n<\/ul>\n<p><span style=\"font-weight: 400;\">El kit funciona como una herramienta espiritual para que aprendas a meditar (sino sabes) y a respirar en momentos que sientas que debas recuperar tu balance emocional.\u00a0<\/span><\/p>\n<p>&nbsp;<\/p>\n<p><strong>C\u00f3mo funciona?<\/strong><\/p>\n<p><span style=\"font-weight: 400;\">Mediante la meditaci\u00f3n te guiamos para que tengas una experiencia espiritual \u00fanica. Por medio de las 7 cartas que se encuentran en el kit recibir\u00e1s un mensaje espiritual para ayudar a balancear un chakra en espec\u00edfico.<\/span><\/p>\n","protected":false},"excerpt":{"rendered":"<p>Hialeah Espiritual &#8211; meditation kit: KIT INCLUDES: Audio de meditaci\u00f3n para alinear los chakras. Vela de soya de[&#8230;]<\/p>\n","protected":false},"featured_media":7239,"template":"","meta":{"inline_featured_image":false},"product_cat":[59],"product_tag":[],"class_list":{"0":"post-7285","1":"product","2":"type-product","3":"status-publish","4":"has-post-thumbnail","6":"product_cat-kits-es","8":"first","9":"outofstock","10":"taxable","11":"shipping-taxable","12":"purchasable","13":"product-type-simple"},"jetpack_sharing_enabled":true,"_links":{"self":[{"href":"https:\/\/hialeahchakras.com\/es\/wp-json\/wp\/v2\/product\/7285","targetHints":{"allow":["GET"]}}],"collection":[{"href":"https:\/\/hialeahchakras.com\/es\/wp-json\/wp\/v2\/product"}],"about":[{"href":"https:\/\/hialeahchakras.com\/es\/wp-json\/wp\/v2\/types\/product"}],"version-history":[{"count":1,"href":"https:\/\/hialeahchakras.com\/es\/wp-json\/wp\/v2\/product\/7285\/revisions"}],"predecessor-version":[{"id":7295,"href":"https:\/\/hialeahchakras.com\/es\/wp-json\/wp\/v2\/product\/7285\/revisions\/7295"}],"wp:featuredmedia":[{"embeddable":true,"href":"https:\/\/hialeahchakras.com\/es\/wp-json\/wp\/v2\/media\/7239"}],"wp:attachment":[{"href":"https:\/\/hialeahchakras.com\/es\/wp-json\/wp\/v2\/media?parent=7285"}],"wp:term":[{"taxonomy":"product_cat","embeddable":true,"href":"https:\/\/hialeahchakras.com\/es\/wp-json\/wp\/v2\/product_cat?post=7285"},{"taxonomy":"product_tag","embeddable":true,"href":"https:\/\/hialeahchakras.com\/es\/wp-json\/wp\/v2\/product_tag?post=7285"}],"curies":[{"name":"wp","href":"https:\/\/api.w.org\/{rel}","templated":true}]}}